{"id":2073,"date":"2021-10-17T12:40:53","date_gmt":"2021-10-17T12:40:53","guid":{"rendered":"https:\/\/blackrocklaw.com\/new\/?page_id=2073"},"modified":"2023-10-11T10:36:45","modified_gmt":"2023-10-11T10:36:45","slug":"inmigracion","status":"publish","type":"page","link":"https:\/\/www.businesslaw.blackrocklaw.com\/es\/areas-de-practicas\/inmigracion\/","title":{"rendered":"ABOGADO DE INMIGRACI\u00d3N"},"content":{"rendered":"<p>[vc_row][vc_column][vc_column_text]<a rel=\"noreferrer\" href=\"https:\/\/www.youtube.com\/watch?v=TV-hYShv56s\" class=\"vp-a vp-yt-type vp-modal-click vp-modal-click_shortcode vp-has-img\"><img decoding=\"async\" class=\"vp-img lazyload\" data-src=\"https:\/\/www.blackrocklaw.com\/wp-content\/uploads\/2021\/10\/Immigration-ES.jpg\" src=\"data:image\/svg+xml;base64,PHN2ZyB3aWR0aD0iMSIgaGVpZ2h0PSIxIiB4bWxucz0iaHR0cDovL3d3dy53My5vcmcvMjAwMC9zdmciPjwvc3ZnPg==\"><\/a>[\/vc_column_text][vc_custom_heading text=\u00bbABOGADO DE INMIGRACI\u00d3N\u00bb font_container=\u00bbtag:h1|text_align:left\u00bb use_theme_fonts=\u00bbyes\u00bb][vc_column_text]<\/p>\n<p style=\"text-align: justify;\">Nuestra firma apoya firmemente a personas de todos los \u00e1mbitos de la vida para que emigren a los Estados Unidos y contribuyan al sue\u00f1o americano.<\/p>\n<p style=\"text-align: justify;\">Estamos orgullosos de nuestro historial de representar a familias inmigrantes que buscan v\u00edas legales para estar legalmente presentes en los Estados Unidos.<\/p>\n<p style=\"text-align: justify;\">Aunque la firma maneja las Peticiones Familiares, Ajuste de Estado, Naturalizaciones y Visas U, nos enfocamos principalmente en visas de inversi\u00f3n:<\/p>\n<ul>\n<li style=\"text-align: justify;\">Visas E-1 Comerciantes y Visas E-2 Inversionistas.<\/li>\n<li style=\"text-align: justify;\">Visas L-1 de Transferencia<\/li>\n<\/ul>\n<p>[\/vc_column_text][vc_empty_space height=\u00bb70px\u00bb hide_on_mobile=\u00bb\u00bb][vc_column_text]<\/p>\n<p class=\"spphone_big\"><a href=\"tel:18003467752\"><strong><span style=\"font-size: 36pt;\">1 800 346 7752<\/span><\/strong><\/a><\/p>\n<p>[\/vc_column_text][vc_empty_space height=\u00bb70px\u00bb hide_on_mobile=\u00bb\u00bb][vc_column_text]<\/p>\n<p style=\"text-align: justify;\"><strong><em>Consulta Confidencial<\/em><\/strong><\/p>\n<p style=\"text-align: justify;\">Cont\u00e1ctenos 24\/7 al 800-346-7752 para programar una cita gratis y confidencial acerca de su caso legal de inmigraci\u00f3n.<\/p>\n<p>[\/vc_column_text][vc_column_text]<\/p>\n<p class=\"spphone_big\"><a href=\"tel:18003467752\"><strong><span style=\"font-size: 36pt;\">1 800 346 7752<\/span><\/strong><\/a><\/p>\n<p>[\/vc_column_text][vc_empty_space height=\u00bb40px\u00bb hide_on_mobile=\u00bb\u00bb][\/vc_column][\/vc_row]<\/p>\n","protected":false},"excerpt":{"rendered":"<p>[vc_row][vc_column][vc_column_text][\/vc_column_text][vc_custom_heading text=\u00bbABOGADO DE INMIGRACI\u00d3N\u00bb font_container=\u00bbtag:h1|text_align:left\u00bb use_theme_fonts=\u00bbyes\u00bb][vc_column_text] Nuestra firma apoya firmemente a personas de todos los \u00e1mbitos de la vida para que emigren a los Estados Unidos y contribuyan al sue\u00f1o americano. Estamos orgullosos de nuestro historial de representar a familias inmigrantes que buscan v\u00edas legales&hellip;<\/p>\n","protected":false},"author":1,"featured_media":3245,"parent":2041,"menu_order":0,"comment_status":"closed","ping_status":"closed","template":"","meta":{"footnotes":""},"class_list":["post-2073","page","type-page","status-publish","has-post-thumbnail","hentry"],"yoast_head":"<!-- This site is optimized with the Yoast SEO Premium plugin v25.3 (Yoast SEO v27.2) - https:\/\/yoast.com\/product\/yoast-seo-premium-wordpress\/ -->\n<title>ABOGADO DE INMIGRACI\u00d3N |Black Rock Trial Lawyers | Tampa FL<\/title>\n<meta name=\"description\" content=\"Nuestra firma apoya firmemente a personas de todos los \u00e1mbitos de la vida para que emigren a los Estados Unidos y contribuyan al sue\u00f1o americano.\" \/>\n<meta name=\"robots\" content=\"index, follow, max-snippet:-1, max-image-preview:large, max-video-preview:-1\" \/>\n<link rel=\"canonical\" href=\"https:\/\/www.businesslaw.blackrocklaw.com\/es\/practice-area\/immigration\/\" \/>\n<meta property=\"og:locale\" content=\"es_ES\" \/>\n<meta property=\"og:type\" content=\"article\" \/>\n<meta property=\"og:title\" content=\"ABOGADO DE INMIGRACI\u00d3N\" \/>\n<meta property=\"og:description\" content=\"Nuestra firma apoya firmemente a personas de todos los \u00e1mbitos de la vida para que emigren a los Estados Unidos y contribuyan al sue\u00f1o americano.\" \/>\n<meta property=\"og:url\" content=\"https:\/\/www.businesslaw.blackrocklaw.com\/practice-area\/immigration\/\" \/>\n<meta property=\"og:site_name\" content=\"Black Rock Trial Lawyers\" \/>\n<meta property=\"article:publisher\" content=\"https:\/\/www.facebook.com\/blackrocklaw\" \/>\n<meta property=\"article:modified_time\" content=\"2023-10-11T10:36:45+00:00\" \/>\n<meta property=\"og:image\" content=\"https:\/\/www.businesslaw.blackrocklaw.com\/wp-content\/uploads\/2022\/10\/Immigration-ES.jpg\" \/>\n\t<meta property=\"og:image:width\" content=\"723\" \/>\n\t<meta property=\"og:image:height\" content=\"445\" \/>\n\t<meta property=\"og:image:type\" content=\"image\/jpeg\" \/>\n<meta name=\"twitter:card\" content=\"summary_large_image\" \/>\n<meta name=\"twitter:site\" content=\"@BlackRockLaw\" \/>\n<meta name=\"twitter:label1\" content=\"Tiempo de lectura\" \/>\n\t<meta name=\"twitter:data1\" content=\"1 minuto\" \/>\n<script type=\"application\/ld+json\" class=\"yoast-schema-graph\">{\"@context\":\"https:\/\/schema.org\",\"@graph\":[{\"@type\":\"WebPage\",\"@id\":\"https:\/\/www.businesslaw.blackrocklaw.com\/practice-area\/immigration\/\",\"url\":\"https:\/\/www.businesslaw.blackrocklaw.com\/practice-area\/immigration\/\",\"name\":\"ABOGADO DE INMIGRACI\u00d3N |Black Rock Trial Lawyers | Tampa FL\",\"isPartOf\":{\"@id\":\"https:\/\/www.businesslaw.blackrocklaw.com\/#website\"},\"primaryImageOfPage\":{\"@id\":\"https:\/\/www.businesslaw.blackrocklaw.com\/practice-area\/immigration\/#primaryimage\"},\"image\":{\"@id\":\"https:\/\/www.businesslaw.blackrocklaw.com\/practice-area\/immigration\/#primaryimage\"},\"thumbnailUrl\":\"https:\/\/www.businesslaw.blackrocklaw.com\/wp-content\/uploads\/2022\/10\/Immigration-ES.jpg\",\"datePublished\":\"2021-10-17T12:40:53+00:00\",\"dateModified\":\"2023-10-11T10:36:45+00:00\",\"description\":\"Nuestra firma apoya firmemente a personas de todos los \u00e1mbitos de la vida para que emigren a los Estados Unidos y contribuyan al sue\u00f1o americano.\",\"breadcrumb\":{\"@id\":\"https:\/\/www.businesslaw.blackrocklaw.com\/practice-area\/immigration\/#breadcrumb\"},\"inLanguage\":\"es\",\"potentialAction\":[{\"@type\":\"ReadAction\",\"target\":[\"https:\/\/www.businesslaw.blackrocklaw.com\/practice-area\/immigration\/\"]}]},{\"@type\":\"ImageObject\",\"inLanguage\":\"es\",\"@id\":\"https:\/\/www.businesslaw.blackrocklaw.com\/practice-area\/immigration\/#primaryimage\",\"url\":\"https:\/\/www.businesslaw.blackrocklaw.com\/wp-content\/uploads\/2022\/10\/Immigration-ES.jpg\",\"contentUrl\":\"https:\/\/www.businesslaw.blackrocklaw.com\/wp-content\/uploads\/2022\/10\/Immigration-ES.jpg\",\"width\":723,\"height\":445,\"caption\":\"IMMIGRATION LAWYER\"},{\"@type\":\"BreadcrumbList\",\"@id\":\"https:\/\/www.businesslaw.blackrocklaw.com\/practice-area\/immigration\/#breadcrumb\",\"itemListElement\":[{\"@type\":\"ListItem\",\"position\":1,\"name\":\"Home\",\"item\":\"https:\/\/www.businesslaw.blackrocklaw.com\/\"},{\"@type\":\"ListItem\",\"position\":2,\"name\":\"\u00c1REAS DE PR\u00c1CTICAS\",\"item\":\"https:\/\/www.businesslaw.blackrocklaw.com\/practice-area\/\"},{\"@type\":\"ListItem\",\"position\":3,\"name\":\"ABOGADO DE INMIGRACI\u00d3N\"}]},{\"@type\":\"WebSite\",\"@id\":\"https:\/\/www.businesslaw.blackrocklaw.com\/#website\",\"url\":\"https:\/\/www.businesslaw.blackrocklaw.com\/\",\"name\":\"Black Rock Trial Lawyers\",\"description\":\"Lawyers Attorneys WordPress Theme\",\"publisher\":{\"@id\":\"https:\/\/www.businesslaw.blackrocklaw.com\/#organization\"},\"potentialAction\":[{\"@type\":\"SearchAction\",\"target\":{\"@type\":\"EntryPoint\",\"urlTemplate\":\"https:\/\/www.businesslaw.blackrocklaw.com\/?s={search_term_string}\"},\"query-input\":{\"@type\":\"PropertyValueSpecification\",\"valueRequired\":true,\"valueName\":\"search_term_string\"}}],\"inLanguage\":\"es\"},{\"@type\":[\"Organization\",\"Place\",\"LegalService\"],\"@id\":\"https:\/\/www.businesslaw.blackrocklaw.com\/#organization\",\"name\":\"Black Rock Trial Lawyers\",\"url\":\"https:\/\/www.businesslaw.blackrocklaw.com\/\",\"logo\":{\"@id\":\"https:\/\/www.businesslaw.blackrocklaw.com\/practice-area\/immigration\/#local-main-organization-logo\"},\"image\":{\"@id\":\"https:\/\/www.businesslaw.blackrocklaw.com\/practice-area\/immigration\/#local-main-organization-logo\"},\"sameAs\":[\"https:\/\/www.facebook.com\/blackrocklaw\",\"https:\/\/x.com\/BlackRockLaw\",\"https:\/\/www.linkedin.com\/company\/black-rock-trial-lawyers-llc\/\",\"https:\/\/www.instagram.com\/blackrocklaw\/\",\"https:\/\/www.youtube.com\/channel\/UCSHAjhgiXY976HZbWUmYkZg\"],\"description\":\"Black Rock Trial Lawyers will not settle for anything less than the maximum compensation that you deserve and as allowed by law.\",\"legalName\":\"Black Rock Trial Lawyers\",\"address\":{\"@id\":\"https:\/\/www.businesslaw.blackrocklaw.com\/practice-area\/immigration\/#local-main-place-address\"},\"geo\":{\"@type\":\"GeoCoordinates\",\"latitude\":\"27.943170\",\"longitude\":\"-82.482250\"},\"telephone\":[\"1 (800) 346-7752\"],\"openingHoursSpecification\":{\"@type\":\"OpeningHoursSpecification\",\"dayOfWeek\":[\"Monday\",\"Tuesday\",\"Wednesday\",\"Thursday\",\"Friday\",\"Saturday\",\"Sunday\"],\"opens\":\"00:00\",\"closes\":\"23:59\"},\"email\":\"info@blackrocklaw.com\",\"faxNumber\":\"(813) 254-1777\",\"areaServed\":\"Florida\",\"priceRange\":\"$\",\"currenciesAccepted\":\"Doller\",\"paymentAccepted\":\"All\"},{\"@type\":\"PostalAddress\",\"@id\":\"https:\/\/www.businesslaw.blackrocklaw.com\/practice-area\/immigration\/#local-main-place-address\",\"streetAddress\":\"201 S. Westland Ave., Tampa, FL 33606\",\"addressLocality\":\"Tampa\",\"postalCode\":\"33606\",\"addressRegion\":\"Florida\",\"addressCountry\":\"US\"},{\"@type\":\"ImageObject\",\"inLanguage\":\"es\",\"@id\":\"https:\/\/www.businesslaw.blackrocklaw.com\/practice-area\/immigration\/#local-main-organization-logo\",\"url\":\"https:\/\/www.businesslaw.blackrocklaw.com\/wp-content\/uploads\/2017\/02\/BlackRockLogoBlack.png\",\"contentUrl\":\"https:\/\/www.businesslaw.blackrocklaw.com\/wp-content\/uploads\/2017\/02\/BlackRockLogoBlack.png\",\"width\":5105,\"height\":1024,\"caption\":\"Black Rock Trial Lawyers\"}]}<\/script>\n<meta name=\"geo.placename\" content=\"Tampa\" \/>\n<meta name=\"geo.position\" content=\"27.943170;-82.482250\" \/>\n<meta name=\"geo.region\" content=\"Estados Unidos (EEUU)\" \/>\n<!-- \/ Yoast SEO Premium plugin. -->","yoast_head_json":{"title":"ABOGADO DE INMIGRACI\u00d3N |Black Rock Trial Lawyers | Tampa FL","description":"Nuestra firma apoya firmemente a personas de todos los \u00e1mbitos de la vida para que emigren a los Estados Unidos y contribuyan al sue\u00f1o americano.","robots":{"index":"index","follow":"follow","max-snippet":"max-snippet:-1","max-image-preview":"max-image-preview:large","max-video-preview":"max-video-preview:-1"},"canonical":"https:\/\/www.businesslaw.blackrocklaw.com\/es\/practice-area\/immigration\/","og_locale":"es_ES","og_type":"article","og_title":"ABOGADO DE INMIGRACI\u00d3N","og_description":"Nuestra firma apoya firmemente a personas de todos los \u00e1mbitos de la vida para que emigren a los Estados Unidos y contribuyan al sue\u00f1o americano.","og_url":"https:\/\/www.businesslaw.blackrocklaw.com\/practice-area\/immigration\/","og_site_name":"Black Rock Trial Lawyers","article_publisher":"https:\/\/www.facebook.com\/blackrocklaw","article_modified_time":"2023-10-11T10:36:45+00:00","og_image":[{"width":723,"height":445,"url":"https:\/\/www.businesslaw.blackrocklaw.com\/wp-content\/uploads\/2022\/10\/Immigration-ES.jpg","type":"image\/jpeg"}],"twitter_card":"summary_large_image","twitter_site":"@BlackRockLaw","twitter_misc":{"Tiempo de lectura":"1 minuto"},"schema":{"@context":"https:\/\/schema.org","@graph":[{"@type":"WebPage","@id":"https:\/\/www.businesslaw.blackrocklaw.com\/practice-area\/immigration\/","url":"https:\/\/www.businesslaw.blackrocklaw.com\/practice-area\/immigration\/","name":"ABOGADO DE INMIGRACI\u00d3N |Black Rock Trial Lawyers | Tampa FL","isPartOf":{"@id":"https:\/\/www.businesslaw.blackrocklaw.com\/#website"},"primaryImageOfPage":{"@id":"https:\/\/www.businesslaw.blackrocklaw.com\/practice-area\/immigration\/#primaryimage"},"image":{"@id":"https:\/\/www.businesslaw.blackrocklaw.com\/practice-area\/immigration\/#primaryimage"},"thumbnailUrl":"https:\/\/www.businesslaw.blackrocklaw.com\/wp-content\/uploads\/2022\/10\/Immigration-ES.jpg","datePublished":"2021-10-17T12:40:53+00:00","dateModified":"2023-10-11T10:36:45+00:00","description":"Nuestra firma apoya firmemente a personas de todos los \u00e1mbitos de la vida para que emigren a los Estados Unidos y contribuyan al sue\u00f1o americano.","breadcrumb":{"@id":"https:\/\/www.businesslaw.blackrocklaw.com\/practice-area\/immigration\/#breadcrumb"},"inLanguage":"es","potentialAction":[{"@type":"ReadAction","target":["https:\/\/www.businesslaw.blackrocklaw.com\/practice-area\/immigration\/"]}]},{"@type":"ImageObject","inLanguage":"es","@id":"https:\/\/www.businesslaw.blackrocklaw.com\/practice-area\/immigration\/#primaryimage","url":"https:\/\/www.businesslaw.blackrocklaw.com\/wp-content\/uploads\/2022\/10\/Immigration-ES.jpg","contentUrl":"https:\/\/www.businesslaw.blackrocklaw.com\/wp-content\/uploads\/2022\/10\/Immigration-ES.jpg","width":723,"height":445,"caption":"IMMIGRATION LAWYER"},{"@type":"BreadcrumbList","@id":"https:\/\/www.businesslaw.blackrocklaw.com\/practice-area\/immigration\/#breadcrumb","itemListElement":[{"@type":"ListItem","position":1,"name":"Home","item":"https:\/\/www.businesslaw.blackrocklaw.com\/"},{"@type":"ListItem","position":2,"name":"\u00c1REAS DE PR\u00c1CTICAS","item":"https:\/\/www.businesslaw.blackrocklaw.com\/practice-area\/"},{"@type":"ListItem","position":3,"name":"ABOGADO DE INMIGRACI\u00d3N"}]},{"@type":"WebSite","@id":"https:\/\/www.businesslaw.blackrocklaw.com\/#website","url":"https:\/\/www.businesslaw.blackrocklaw.com\/","name":"Black Rock Trial Lawyers","description":"Lawyers Attorneys WordPress Theme","publisher":{"@id":"https:\/\/www.businesslaw.blackrocklaw.com\/#organization"},"potentialAction":[{"@type":"SearchAction","target":{"@type":"EntryPoint","urlTemplate":"https:\/\/www.businesslaw.blackrocklaw.com\/?s={search_term_string}"},"query-input":{"@type":"PropertyValueSpecification","valueRequired":true,"valueName":"search_term_string"}}],"inLanguage":"es"},{"@type":["Organization","Place","LegalService"],"@id":"https:\/\/www.businesslaw.blackrocklaw.com\/#organization","name":"Black Rock Trial Lawyers","url":"https:\/\/www.businesslaw.blackrocklaw.com\/","logo":{"@id":"https:\/\/www.businesslaw.blackrocklaw.com\/practice-area\/immigration\/#local-main-organization-logo"},"image":{"@id":"https:\/\/www.businesslaw.blackrocklaw.com\/practice-area\/immigration\/#local-main-organization-logo"},"sameAs":["https:\/\/www.facebook.com\/blackrocklaw","https:\/\/x.com\/BlackRockLaw","https:\/\/www.linkedin.com\/company\/black-rock-trial-lawyers-llc\/","https:\/\/www.instagram.com\/blackrocklaw\/","https:\/\/www.youtube.com\/channel\/UCSHAjhgiXY976HZbWUmYkZg"],"description":"Black Rock Trial Lawyers will not settle for anything less than the maximum compensation that you deserve and as allowed by law.","legalName":"Black Rock Trial Lawyers","address":{"@id":"https:\/\/www.businesslaw.blackrocklaw.com\/practice-area\/immigration\/#local-main-place-address"},"geo":{"@type":"GeoCoordinates","latitude":"27.943170","longitude":"-82.482250"},"telephone":["1 (800) 346-7752"],"openingHoursSpecification":{"@type":"OpeningHoursSpecification","dayOfWeek":["Monday","Tuesday","Wednesday","Thursday","Friday","Saturday","Sunday"],"opens":"00:00","closes":"23:59"},"email":"info@blackrocklaw.com","faxNumber":"(813) 254-1777","areaServed":"Florida","priceRange":"$","currenciesAccepted":"Doller","paymentAccepted":"All"},{"@type":"PostalAddress","@id":"https:\/\/www.businesslaw.blackrocklaw.com\/practice-area\/immigration\/#local-main-place-address","streetAddress":"201 S. Westland Ave., Tampa, FL 33606","addressLocality":"Tampa","postalCode":"33606","addressRegion":"Florida","addressCountry":"US"},{"@type":"ImageObject","inLanguage":"es","@id":"https:\/\/www.businesslaw.blackrocklaw.com\/practice-area\/immigration\/#local-main-organization-logo","url":"https:\/\/www.businesslaw.blackrocklaw.com\/wp-content\/uploads\/2017\/02\/BlackRockLogoBlack.png","contentUrl":"https:\/\/www.businesslaw.blackrocklaw.com\/wp-content\/uploads\/2017\/02\/BlackRockLogoBlack.png","width":5105,"height":1024,"caption":"Black Rock Trial Lawyers"}]},"geo.placename":"Tampa","geo.position":{"lat":"27.943170","long":"-82.482250"},"geo.region":"Estados Unidos (EEUU)"},"_links":{"self":[{"href":"https:\/\/www.businesslaw.blackrocklaw.com\/es\/wp-json\/wp\/v2\/pages\/2073","targetHints":{"allow":["GET"]}}],"collection":[{"href":"https:\/\/www.businesslaw.blackrocklaw.com\/es\/wp-json\/wp\/v2\/pages"}],"about":[{"href":"https:\/\/www.businesslaw.blackrocklaw.com\/es\/wp-json\/wp\/v2\/types\/page"}],"author":[{"embeddable":true,"href":"https:\/\/www.businesslaw.blackrocklaw.com\/es\/wp-json\/wp\/v2\/users\/1"}],"replies":[{"embeddable":true,"href":"https:\/\/www.businesslaw.blackrocklaw.com\/es\/wp-json\/wp\/v2\/comments?post=2073"}],"version-history":[{"count":7,"href":"https:\/\/www.businesslaw.blackrocklaw.com\/es\/wp-json\/wp\/v2\/pages\/2073\/revisions"}],"predecessor-version":[{"id":3828,"href":"https:\/\/www.businesslaw.blackrocklaw.com\/es\/wp-json\/wp\/v2\/pages\/2073\/revisions\/3828"}],"up":[{"embeddable":true,"href":"https:\/\/www.businesslaw.blackrocklaw.com\/es\/wp-json\/wp\/v2\/pages\/2041"}],"wp:featuredmedia":[{"embeddable":true,"href":"https:\/\/www.businesslaw.blackrocklaw.com\/es\/wp-json\/wp\/v2\/media\/3245"}],"wp:attachment":[{"href":"https:\/\/www.businesslaw.blackrocklaw.com\/es\/wp-json\/wp\/v2\/media?parent=2073"}],"curies":[{"name":"wp","href":"https:\/\/api.w.org\/{rel}","templated":true}]}}