{"id":2068,"date":"2021-10-17T12:37:53","date_gmt":"2021-10-17T12:37:53","guid":{"rendered":"https:\/\/blackrocklaw.com\/new\/?page_id=2068"},"modified":"2023-10-11T10:36:39","modified_gmt":"2023-10-11T10:36:39","slug":"negocios","status":"publish","type":"page","link":"https:\/\/www.businesslaw.blackrocklaw.com\/es\/negocios\/","title":{"rendered":"NEGOCIOS"},"content":{"rendered":"<p>[vc_row][vc_column][vc_column_text]<a rel=\"noreferrer\" href=\"https:\/\/www.youtube.com\/watch?v=Nm-Fn_UXa1k\" class=\"vp-a vp-yt-type vp-modal-click vp-modal-click_shortcode vp-has-img\"><img decoding=\"async\" class=\"vp-img lazyload\" data-src=\"https:\/\/www.blackrocklaw.com\/wp-content\/uploads\/2021\/10\/Business-ES.jpg\" src=\"data:image\/svg+xml;base64,PHN2ZyB3aWR0aD0iMSIgaGVpZ2h0PSIxIiB4bWxucz0iaHR0cDovL3d3dy53My5vcmcvMjAwMC9zdmciPjwvc3ZnPg==\"><\/a>[\/vc_column_text][vc_custom_heading text=\u00bbNEGOCIOS\u00bb][vc_column_text]<\/p>\n<p style=\"text-align: justify;\">El esp\u00edritu empresarial y las peque\u00f1as empresas son el motor de la econom\u00eda de los Estados Unidos. Son las contribuciones individuales y colectivas de hombres y mujeres en el pa\u00eds durante m\u00e1s de un siglo las que han creado oportunidades, innovaci\u00f3n y riqueza.<\/p>\n<p style=\"text-align: justify;\">En Black Rock Trial Lawyers nos esforzamos por proteger los intereses comerciales de nuestros clientes. Siempre estamos preparados para litigar casos, pero m\u00e1s bien intentamos evitar el proceso y los gastos del litigio.<\/p>\n<p style=\"text-align: justify;\">En cambio, ofrecemos asesoramiento comercial de transacciones en:<\/p>\n<ul>\n<li style=\"text-align: justify;\">Representaci\u00f3n de Compradores o Vendedores en la Adquisici\u00f3n de Negocios<\/li>\n<li style=\"text-align: justify;\">Servicios de Asesoramiento General<\/li>\n<li style=\"text-align: justify;\">Fusiones y Adquisiciones<\/li>\n<li style=\"text-align: justify;\">Asesoramientos sobre Pre-incorporaci\u00f3n e Iniciaci\u00f3n de Negocios.<\/li>\n<li style=\"text-align: justify;\">Redactar, Revisar y Negocial contratos<\/li>\n<li style=\"text-align: justify;\">Registraci\u00f3n de Sociedad de Responsabilidad Limitada (LLC) y Corporaciones.<\/li>\n<li style=\"text-align: justify;\">Acuerdos de accionistas \/ sociedad \/ empresa conjunta.<\/li>\n<\/ul>\n<p>[\/vc_column_text][vc_empty_space height=\u00bb70px\u00bb hide_on_mobile=\u00bb\u00bb][vc_column_text]<\/p>\n<p class=\"spphone_big\"><a href=\"tel:18003467752\"><strong><span style=\"font-size: 36pt;\">1 800 346 7752<\/span><\/strong><\/a><\/p>\n<p>[\/vc_column_text][vc_empty_space height=\u00bb70px\u00bb hide_on_mobile=\u00bb\u00bb][vc_column_text]<\/p>\n<p style=\"text-align: justify;\">Nos esforzamos por brindar asesor\u00eda legal comercial estrat\u00e9gica para proteger sus intereses y promover la prosperidad empresarial.<\/p>\n<p style=\"text-align: justify;\"><strong><em>\u00bfCu\u00e1nto cuesta contratar a nuestra firma para representarlo?<\/em><\/strong><\/p>\n<p style=\"text-align: justify;\">Ofrecemos contratos de retenci\u00f3n de tarifa plana. Antes de determinar la tarifa plana, revisamos a fondo el alcance de los servicios, explicamos a nuestro cliente sus opciones y acordamos una cantidad fija.<\/p>\n<p style=\"text-align: justify;\"><strong><em>Consulta Confidencial<\/em><\/strong><\/p>\n<p style=\"text-align: justify;\">Cont\u00e1ctenos 24\/7 al 800-346-7752 para programar una cita gratis y confidencial acerca de su posible caso.<\/p>\n<p>[\/vc_column_text][vc_column_text]<\/p>\n<p class=\"spphone_big\"><a href=\"tel:18003467752\"><strong><span style=\"font-size: 36pt;\">1 800 346 7752<\/span><\/strong><\/a><\/p>\n<p>[\/vc_column_text][vc_empty_space height=\u00bb40px\u00bb hide_on_mobile=\u00bb\u00bb][\/vc_column][\/vc_row]<\/p>\n","protected":false},"excerpt":{"rendered":"<p>[vc_row][vc_column][vc_column_text][\/vc_column_text][vc_custom_heading text=\u00bbNEGOCIOS\u00bb][vc_column_text] El esp\u00edritu empresarial y las peque\u00f1as empresas son el motor de la econom\u00eda de los Estados Unidos. Son las contribuciones individuales y colectivas de hombres y mujeres en el pa\u00eds durante m\u00e1s de un siglo las que han creado oportunidades, innovaci\u00f3n y riqueza.&hellip;<\/p>\n","protected":false},"author":1,"featured_media":0,"parent":0,"menu_order":0,"comment_status":"closed","ping_status":"closed","template":"","meta":{"footnotes":""},"class_list":["post-2068","page","type-page","status-publish","hentry"],"yoast_head":"<!-- This site is optimized with the Yoast SEO Premium plugin v25.3 (Yoast SEO v27.2) - https:\/\/yoast.com\/product\/yoast-seo-premium-wordpress\/ -->\n<title>NEGOCIOS - Black Rock Trial Lawyers<\/title>\n<meta name=\"description\" content=\"\u00bfNecesitas ayuda legal para tu negocio? Los Abogados de Black Rock te brindan asesor\u00eda y representaci\u00f3n profesional en todo tipo de asuntos comerciales.\" \/>\n<meta name=\"robots\" content=\"index, follow, max-snippet:-1, max-image-preview:large, max-video-preview:-1\" \/>\n<link rel=\"canonical\" href=\"https:\/\/www.businesslaw.blackrocklaw.com\/es\/business\/\" \/>\n<meta property=\"og:locale\" content=\"es_ES\" \/>\n<meta property=\"og:type\" content=\"article\" \/>\n<meta property=\"og:title\" content=\"NEGOCIOS\" \/>\n<meta property=\"og:description\" content=\"\u00bfNecesitas ayuda legal para tu negocio? Los Abogados de Black Rock te brindan asesor\u00eda y representaci\u00f3n profesional en todo tipo de asuntos comerciales.\" \/>\n<meta property=\"og:url\" content=\"https:\/\/www.businesslaw.blackrocklaw.com\/business\/\" \/>\n<meta property=\"og:site_name\" content=\"Black Rock Trial Lawyers\" \/>\n<meta property=\"article:publisher\" content=\"https:\/\/www.facebook.com\/blackrocklaw\" \/>\n<meta property=\"article:modified_time\" content=\"2023-10-11T10:36:39+00:00\" \/>\n<meta name=\"twitter:card\" content=\"summary_large_image\" \/>\n<meta name=\"twitter:site\" content=\"@BlackRockLaw\" \/>\n<meta name=\"twitter:label1\" content=\"Tiempo de lectura\" \/>\n\t<meta name=\"twitter:data1\" content=\"2 minutos\" \/>\n<script type=\"application\/ld+json\" class=\"yoast-schema-graph\">{\"@context\":\"https:\/\/schema.org\",\"@graph\":[{\"@type\":\"WebPage\",\"@id\":\"https:\/\/www.businesslaw.blackrocklaw.com\/business\/\",\"url\":\"https:\/\/www.businesslaw.blackrocklaw.com\/business\/\",\"name\":\"NEGOCIOS - Black Rock Trial Lawyers\",\"isPartOf\":{\"@id\":\"https:\/\/www.businesslaw.blackrocklaw.com\/#website\"},\"datePublished\":\"2021-10-17T12:37:53+00:00\",\"dateModified\":\"2023-10-11T10:36:39+00:00\",\"description\":\"\u00bfNecesitas ayuda legal para tu negocio? Los Abogados de Black Rock te brindan asesor\u00eda y representaci\u00f3n profesional en todo tipo de asuntos comerciales.\",\"breadcrumb\":{\"@id\":\"https:\/\/www.businesslaw.blackrocklaw.com\/business\/#breadcrumb\"},\"inLanguage\":\"es\",\"potentialAction\":[{\"@type\":\"ReadAction\",\"target\":[\"https:\/\/www.businesslaw.blackrocklaw.com\/business\/\"]}]},{\"@type\":\"BreadcrumbList\",\"@id\":\"https:\/\/www.businesslaw.blackrocklaw.com\/business\/#breadcrumb\",\"itemListElement\":[{\"@type\":\"ListItem\",\"position\":1,\"name\":\"Home\",\"item\":\"https:\/\/www.businesslaw.blackrocklaw.com\/\"},{\"@type\":\"ListItem\",\"position\":2,\"name\":\"NEGOCIOS\"}]},{\"@type\":\"WebSite\",\"@id\":\"https:\/\/www.businesslaw.blackrocklaw.com\/#website\",\"url\":\"https:\/\/www.businesslaw.blackrocklaw.com\/\",\"name\":\"Black Rock Trial Lawyers\",\"description\":\"Lawyers Attorneys WordPress Theme\",\"publisher\":{\"@id\":\"https:\/\/www.businesslaw.blackrocklaw.com\/#organization\"},\"potentialAction\":[{\"@type\":\"SearchAction\",\"target\":{\"@type\":\"EntryPoint\",\"urlTemplate\":\"https:\/\/www.businesslaw.blackrocklaw.com\/?s={search_term_string}\"},\"query-input\":{\"@type\":\"PropertyValueSpecification\",\"valueRequired\":true,\"valueName\":\"search_term_string\"}}],\"inLanguage\":\"es\"},{\"@type\":[\"Organization\",\"Place\",\"LegalService\"],\"@id\":\"https:\/\/www.businesslaw.blackrocklaw.com\/#organization\",\"name\":\"Black Rock Trial Lawyers\",\"url\":\"https:\/\/www.businesslaw.blackrocklaw.com\/\",\"logo\":{\"@id\":\"https:\/\/www.businesslaw.blackrocklaw.com\/business\/#local-main-organization-logo\"},\"image\":{\"@id\":\"https:\/\/www.businesslaw.blackrocklaw.com\/business\/#local-main-organization-logo\"},\"sameAs\":[\"https:\/\/www.facebook.com\/blackrocklaw\",\"https:\/\/x.com\/BlackRockLaw\",\"https:\/\/www.linkedin.com\/company\/black-rock-trial-lawyers-llc\/\",\"https:\/\/www.instagram.com\/blackrocklaw\/\",\"https:\/\/www.youtube.com\/channel\/UCSHAjhgiXY976HZbWUmYkZg\"],\"description\":\"Black Rock Trial Lawyers will not settle for anything less than the maximum compensation that you deserve and as allowed by law.\",\"legalName\":\"Black Rock Trial Lawyers\",\"address\":{\"@id\":\"https:\/\/www.businesslaw.blackrocklaw.com\/business\/#local-main-place-address\"},\"geo\":{\"@type\":\"GeoCoordinates\",\"latitude\":\"27.943170\",\"longitude\":\"-82.482250\"},\"telephone\":[\"1 (800) 346-7752\"],\"openingHoursSpecification\":{\"@type\":\"OpeningHoursSpecification\",\"dayOfWeek\":[\"Monday\",\"Tuesday\",\"Wednesday\",\"Thursday\",\"Friday\",\"Saturday\",\"Sunday\"],\"opens\":\"00:00\",\"closes\":\"23:59\"},\"email\":\"info@blackrocklaw.com\",\"faxNumber\":\"(813) 254-1777\",\"areaServed\":\"Florida\",\"priceRange\":\"$\",\"currenciesAccepted\":\"Doller\",\"paymentAccepted\":\"All\"},{\"@type\":\"PostalAddress\",\"@id\":\"https:\/\/www.businesslaw.blackrocklaw.com\/business\/#local-main-place-address\",\"streetAddress\":\"201 S. Westland Ave., Tampa, FL 33606\",\"addressLocality\":\"Tampa\",\"postalCode\":\"33606\",\"addressRegion\":\"Florida\",\"addressCountry\":\"US\"},{\"@type\":\"ImageObject\",\"inLanguage\":\"es\",\"@id\":\"https:\/\/www.businesslaw.blackrocklaw.com\/business\/#local-main-organization-logo\",\"url\":\"https:\/\/www.businesslaw.blackrocklaw.com\/wp-content\/uploads\/2017\/02\/BlackRockLogoBlack.png\",\"contentUrl\":\"https:\/\/www.businesslaw.blackrocklaw.com\/wp-content\/uploads\/2017\/02\/BlackRockLogoBlack.png\",\"width\":5105,\"height\":1024,\"caption\":\"Black Rock Trial Lawyers\"}]}<\/script>\n<meta name=\"geo.placename\" content=\"Tampa\" \/>\n<meta name=\"geo.position\" content=\"27.943170;-82.482250\" \/>\n<meta name=\"geo.region\" content=\"Estados Unidos (EEUU)\" \/>\n<!-- \/ Yoast SEO Premium plugin. -->","yoast_head_json":{"title":"NEGOCIOS - Black Rock Trial Lawyers","description":"\u00bfNecesitas ayuda legal para tu negocio? Los Abogados de Black Rock te brindan asesor\u00eda y representaci\u00f3n profesional en todo tipo de asuntos comerciales.","robots":{"index":"index","follow":"follow","max-snippet":"max-snippet:-1","max-image-preview":"max-image-preview:large","max-video-preview":"max-video-preview:-1"},"canonical":"https:\/\/www.businesslaw.blackrocklaw.com\/es\/business\/","og_locale":"es_ES","og_type":"article","og_title":"NEGOCIOS","og_description":"\u00bfNecesitas ayuda legal para tu negocio? Los Abogados de Black Rock te brindan asesor\u00eda y representaci\u00f3n profesional en todo tipo de asuntos comerciales.","og_url":"https:\/\/www.businesslaw.blackrocklaw.com\/business\/","og_site_name":"Black Rock Trial Lawyers","article_publisher":"https:\/\/www.facebook.com\/blackrocklaw","article_modified_time":"2023-10-11T10:36:39+00:00","twitter_card":"summary_large_image","twitter_site":"@BlackRockLaw","twitter_misc":{"Tiempo de lectura":"2 minutos"},"schema":{"@context":"https:\/\/schema.org","@graph":[{"@type":"WebPage","@id":"https:\/\/www.businesslaw.blackrocklaw.com\/business\/","url":"https:\/\/www.businesslaw.blackrocklaw.com\/business\/","name":"NEGOCIOS - Black Rock Trial Lawyers","isPartOf":{"@id":"https:\/\/www.businesslaw.blackrocklaw.com\/#website"},"datePublished":"2021-10-17T12:37:53+00:00","dateModified":"2023-10-11T10:36:39+00:00","description":"\u00bfNecesitas ayuda legal para tu negocio? Los Abogados de Black Rock te brindan asesor\u00eda y representaci\u00f3n profesional en todo tipo de asuntos comerciales.","breadcrumb":{"@id":"https:\/\/www.businesslaw.blackrocklaw.com\/business\/#breadcrumb"},"inLanguage":"es","potentialAction":[{"@type":"ReadAction","target":["https:\/\/www.businesslaw.blackrocklaw.com\/business\/"]}]},{"@type":"BreadcrumbList","@id":"https:\/\/www.businesslaw.blackrocklaw.com\/business\/#breadcrumb","itemListElement":[{"@type":"ListItem","position":1,"name":"Home","item":"https:\/\/www.businesslaw.blackrocklaw.com\/"},{"@type":"ListItem","position":2,"name":"NEGOCIOS"}]},{"@type":"WebSite","@id":"https:\/\/www.businesslaw.blackrocklaw.com\/#website","url":"https:\/\/www.businesslaw.blackrocklaw.com\/","name":"Black Rock Trial Lawyers","description":"Lawyers Attorneys WordPress Theme","publisher":{"@id":"https:\/\/www.businesslaw.blackrocklaw.com\/#organization"},"potentialAction":[{"@type":"SearchAction","target":{"@type":"EntryPoint","urlTemplate":"https:\/\/www.businesslaw.blackrocklaw.com\/?s={search_term_string}"},"query-input":{"@type":"PropertyValueSpecification","valueRequired":true,"valueName":"search_term_string"}}],"inLanguage":"es"},{"@type":["Organization","Place","LegalService"],"@id":"https:\/\/www.businesslaw.blackrocklaw.com\/#organization","name":"Black Rock Trial Lawyers","url":"https:\/\/www.businesslaw.blackrocklaw.com\/","logo":{"@id":"https:\/\/www.businesslaw.blackrocklaw.com\/business\/#local-main-organization-logo"},"image":{"@id":"https:\/\/www.businesslaw.blackrocklaw.com\/business\/#local-main-organization-logo"},"sameAs":["https:\/\/www.facebook.com\/blackrocklaw","https:\/\/x.com\/BlackRockLaw","https:\/\/www.linkedin.com\/company\/black-rock-trial-lawyers-llc\/","https:\/\/www.instagram.com\/blackrocklaw\/","https:\/\/www.youtube.com\/channel\/UCSHAjhgiXY976HZbWUmYkZg"],"description":"Black Rock Trial Lawyers will not settle for anything less than the maximum compensation that you deserve and as allowed by law.","legalName":"Black Rock Trial Lawyers","address":{"@id":"https:\/\/www.businesslaw.blackrocklaw.com\/business\/#local-main-place-address"},"geo":{"@type":"GeoCoordinates","latitude":"27.943170","longitude":"-82.482250"},"telephone":["1 (800) 346-7752"],"openingHoursSpecification":{"@type":"OpeningHoursSpecification","dayOfWeek":["Monday","Tuesday","Wednesday","Thursday","Friday","Saturday","Sunday"],"opens":"00:00","closes":"23:59"},"email":"info@blackrocklaw.com","faxNumber":"(813) 254-1777","areaServed":"Florida","priceRange":"$","currenciesAccepted":"Doller","paymentAccepted":"All"},{"@type":"PostalAddress","@id":"https:\/\/www.businesslaw.blackrocklaw.com\/business\/#local-main-place-address","streetAddress":"201 S. Westland Ave., Tampa, FL 33606","addressLocality":"Tampa","postalCode":"33606","addressRegion":"Florida","addressCountry":"US"},{"@type":"ImageObject","inLanguage":"es","@id":"https:\/\/www.businesslaw.blackrocklaw.com\/business\/#local-main-organization-logo","url":"https:\/\/www.businesslaw.blackrocklaw.com\/wp-content\/uploads\/2017\/02\/BlackRockLogoBlack.png","contentUrl":"https:\/\/www.businesslaw.blackrocklaw.com\/wp-content\/uploads\/2017\/02\/BlackRockLogoBlack.png","width":5105,"height":1024,"caption":"Black Rock Trial Lawyers"}]},"geo.placename":"Tampa","geo.position":{"lat":"27.943170","long":"-82.482250"},"geo.region":"Estados Unidos (EEUU)"},"_links":{"self":[{"href":"https:\/\/www.businesslaw.blackrocklaw.com\/es\/wp-json\/wp\/v2\/pages\/2068","targetHints":{"allow":["GET"]}}],"collection":[{"href":"https:\/\/www.businesslaw.blackrocklaw.com\/es\/wp-json\/wp\/v2\/pages"}],"about":[{"href":"https:\/\/www.businesslaw.blackrocklaw.com\/es\/wp-json\/wp\/v2\/types\/page"}],"author":[{"embeddable":true,"href":"https:\/\/www.businesslaw.blackrocklaw.com\/es\/wp-json\/wp\/v2\/users\/1"}],"replies":[{"embeddable":true,"href":"https:\/\/www.businesslaw.blackrocklaw.com\/es\/wp-json\/wp\/v2\/comments?post=2068"}],"version-history":[{"count":4,"href":"https:\/\/www.businesslaw.blackrocklaw.com\/es\/wp-json\/wp\/v2\/pages\/2068\/revisions"}],"predecessor-version":[{"id":3832,"href":"https:\/\/www.businesslaw.blackrocklaw.com\/es\/wp-json\/wp\/v2\/pages\/2068\/revisions\/3832"}],"wp:attachment":[{"href":"https:\/\/www.businesslaw.blackrocklaw.com\/es\/wp-json\/wp\/v2\/media?parent=2068"}],"curies":[{"name":"wp","href":"https:\/\/api.w.org\/{rel}","templated":true}]}}